{"id":9,"date":"2024-07-16T13:18:56","date_gmt":"2024-07-16T13:18:56","guid":{"rendered":"https:\/\/lpmarketing.com.ar\/?page_id=9"},"modified":"2024-07-16T18:46:28","modified_gmt":"2024-07-16T18:46:28","slug":"contacto","status":"publish","type":"page","link":"https:\/\/lpmarketing.com.ar\/?page_id=9","title":{"rendered":"Contacto"},"content":{"rendered":"\n<p class=\"has-text-align-center has-accent-color has-base-3-background-color has-text-color has-background has-link-color has-medium-font-size wp-elements-391cba99d55386349fc628ffaa502448\" style=\"font-style:normal;font-weight:700\">\u00a1Respondemos tus dudas!<\/p>\n\n\n<div class=\"wp-block-image\">\n<figure class=\"aligncenter size-large is-resized\"><img loading=\"lazy\" decoding=\"async\" width=\"576\" height=\"1024\" src=\"https:\/\/lpmarketing.com.ar\/wp-content\/uploads\/2024\/07\/Mesa-de-trabajo-105-80-576x1024.jpg\" alt=\"\" class=\"wp-image-46\" style=\"width:427px;height:auto\" srcset=\"https:\/\/lpmarketing.com.ar\/wp-content\/uploads\/2024\/07\/Mesa-de-trabajo-105-80-576x1024.jpg 576w, https:\/\/lpmarketing.com.ar\/wp-content\/uploads\/2024\/07\/Mesa-de-trabajo-105-80-169x300.jpg 169w, https:\/\/lpmarketing.com.ar\/wp-content\/uploads\/2024\/07\/Mesa-de-trabajo-105-80-768x1365.jpg 768w, https:\/\/lpmarketing.com.ar\/wp-content\/uploads\/2024\/07\/Mesa-de-trabajo-105-80-864x1536.jpg 864w, https:\/\/lpmarketing.com.ar\/wp-content\/uploads\/2024\/07\/Mesa-de-trabajo-105-80.jpg 1080w\" sizes=\"auto, (max-width: 576px) 100vw, 576px\" \/><\/figure>\n<\/div>\n\n\n<p class=\"has-text-align-center\"><strong>Direcci\u00f3n:<\/strong> Pablo Ricchieri 610, Pilar, Buenos Aires<\/p>\n","protected":false},"excerpt":{"rendered":"<p>\u00a1Respondemos tus dudas! Direcci\u00f3n: Pablo Ricchieri 610, Pilar, Buenos Aires<\/p>\n","protected":false},"author":1,"featured_media":0,"parent":0,"menu_order":0,"comment_status":"closed","ping_status":"closed","template":"","meta":{"footnotes":""},"class_list":["post-9","page","type-page","status-publish"],"yoast_head":"<!-- This site is optimized with the Yoast SEO plugin v23.0 - https:\/\/yoast.com\/wordpress\/plugins\/seo\/ -->\n<title>Contacto - Lpmarketing<\/title>\n<meta name=\"description\" content=\"Brindamos servicios de trade marketing integrales. Dise\u00f1o, fabricaci\u00f3n, distribuci\u00f3n y almacenamiento. Contactate con nosotros.\" \/>\n<meta name=\"robots\" content=\"index, follow, max-snippet:-1, max-image-preview:large, max-video-preview:-1\" \/>\n<link rel=\"canonical\" href=\"https:\/\/lpmarketing.com.ar\/?page_id=9\" \/>\n<meta property=\"og:locale\" content=\"es_ES\" \/>\n<meta property=\"og:type\" content=\"article\" \/>\n<meta property=\"og:title\" content=\"Contacto - Lpmarketing\" \/>\n<meta property=\"og:description\" content=\"Brindamos servicios de trade marketing integrales. Dise\u00f1o, fabricaci\u00f3n, distribuci\u00f3n y almacenamiento. Contactate con nosotros.\" \/>\n<meta property=\"og:url\" content=\"https:\/\/lpmarketing.com.ar\/?page_id=9\" \/>\n<meta property=\"og:site_name\" content=\"Lpmarketing\" \/>\n<meta property=\"article:modified_time\" content=\"2024-07-16T18:46:28+00:00\" \/>\n<meta property=\"og:image\" content=\"https:\/\/lpmarketing.com.ar\/wp-content\/uploads\/2024\/07\/Mesa-de-trabajo-105-80-576x1024.jpg\" \/>\n<meta name=\"twitter:card\" content=\"summary_large_image\" \/>\n<meta name=\"twitter:label1\" content=\"Tiempo de lectura\" \/>\n\t<meta name=\"twitter:data1\" content=\"1 minuto\" \/>\n<script type=\"application\/ld+json\" class=\"yoast-schema-graph\">{\"@context\":\"https:\/\/schema.org\",\"@graph\":[{\"@type\":\"WebPage\",\"@id\":\"https:\/\/lpmarketing.com.ar\/?page_id=9\",\"url\":\"https:\/\/lpmarketing.com.ar\/?page_id=9\",\"name\":\"Contacto - Lpmarketing\",\"isPartOf\":{\"@id\":\"https:\/\/lpmarketing.com.ar\/#website\"},\"primaryImageOfPage\":{\"@id\":\"https:\/\/lpmarketing.com.ar\/?page_id=9#primaryimage\"},\"image\":{\"@id\":\"https:\/\/lpmarketing.com.ar\/?page_id=9#primaryimage\"},\"thumbnailUrl\":\"https:\/\/lpmarketing.com.ar\/wp-content\/uploads\/2024\/07\/Mesa-de-trabajo-105-80-576x1024.jpg\",\"datePublished\":\"2024-07-16T13:18:56+00:00\",\"dateModified\":\"2024-07-16T18:46:28+00:00\",\"description\":\"Brindamos servicios de trade marketing integrales. Dise\u00f1o, fabricaci\u00f3n, distribuci\u00f3n y almacenamiento. Contactate con nosotros.\",\"breadcrumb\":{\"@id\":\"https:\/\/lpmarketing.com.ar\/?page_id=9#breadcrumb\"},\"inLanguage\":\"es\",\"potentialAction\":[{\"@type\":\"ReadAction\",\"target\":[\"https:\/\/lpmarketing.com.ar\/?page_id=9\"]}]},{\"@type\":\"ImageObject\",\"inLanguage\":\"es\",\"@id\":\"https:\/\/lpmarketing.com.ar\/?page_id=9#primaryimage\",\"url\":\"https:\/\/lpmarketing.com.ar\/wp-content\/uploads\/2024\/07\/Mesa-de-trabajo-105-80.jpg\",\"contentUrl\":\"https:\/\/lpmarketing.com.ar\/wp-content\/uploads\/2024\/07\/Mesa-de-trabajo-105-80.jpg\",\"width\":1080,\"height\":1920},{\"@type\":\"BreadcrumbList\",\"@id\":\"https:\/\/lpmarketing.com.ar\/?page_id=9#breadcrumb\",\"itemListElement\":[{\"@type\":\"ListItem\",\"position\":1,\"name\":\"Portada\",\"item\":\"https:\/\/lpmarketing.com.ar\/\"},{\"@type\":\"ListItem\",\"position\":2,\"name\":\"Contacto\"}]},{\"@type\":\"WebSite\",\"@id\":\"https:\/\/lpmarketing.com.ar\/#website\",\"url\":\"https:\/\/lpmarketing.com.ar\/\",\"name\":\"Lpmarketing\",\"description\":\"\",\"publisher\":{\"@id\":\"https:\/\/lpmarketing.com.ar\/#organization\"},\"potentialAction\":[{\"@type\":\"SearchAction\",\"target\":{\"@type\":\"EntryPoint\",\"urlTemplate\":\"https:\/\/lpmarketing.com.ar\/?s={search_term_string}\"},\"query-input\":\"required name=search_term_string\"}],\"inLanguage\":\"es\"},{\"@type\":\"Organization\",\"@id\":\"https:\/\/lpmarketing.com.ar\/#organization\",\"name\":\"Lpmarketing\",\"url\":\"https:\/\/lpmarketing.com.ar\/\",\"logo\":{\"@type\":\"ImageObject\",\"inLanguage\":\"es\",\"@id\":\"https:\/\/lpmarketing.com.ar\/#\/schema\/logo\/image\/\",\"url\":\"https:\/\/lpmarketing.com.ar\/wp-content\/uploads\/2024\/07\/cropped-logo-lp-web.png\",\"contentUrl\":\"https:\/\/lpmarketing.com.ar\/wp-content\/uploads\/2024\/07\/cropped-logo-lp-web.png\",\"width\":430,\"height\":436,\"caption\":\"Lpmarketing\"},\"image\":{\"@id\":\"https:\/\/lpmarketing.com.ar\/#\/schema\/logo\/image\/\"}}]}<\/script>\n<!-- \/ Yoast SEO plugin. -->","yoast_head_json":{"title":"Contacto - Lpmarketing","description":"Brindamos servicios de trade marketing integrales. Dise\u00f1o, fabricaci\u00f3n, distribuci\u00f3n y almacenamiento. Contactate con nosotros.","robots":{"index":"index","follow":"follow","max-snippet":"max-snippet:-1","max-image-preview":"max-image-preview:large","max-video-preview":"max-video-preview:-1"},"canonical":"https:\/\/lpmarketing.com.ar\/?page_id=9","og_locale":"es_ES","og_type":"article","og_title":"Contacto - Lpmarketing","og_description":"Brindamos servicios de trade marketing integrales. Dise\u00f1o, fabricaci\u00f3n, distribuci\u00f3n y almacenamiento. Contactate con nosotros.","og_url":"https:\/\/lpmarketing.com.ar\/?page_id=9","og_site_name":"Lpmarketing","article_modified_time":"2024-07-16T18:46:28+00:00","og_image":[{"url":"https:\/\/lpmarketing.com.ar\/wp-content\/uploads\/2024\/07\/Mesa-de-trabajo-105-80-576x1024.jpg"}],"twitter_card":"summary_large_image","twitter_misc":{"Tiempo de lectura":"1 minuto"},"schema":{"@context":"https:\/\/schema.org","@graph":[{"@type":"WebPage","@id":"https:\/\/lpmarketing.com.ar\/?page_id=9","url":"https:\/\/lpmarketing.com.ar\/?page_id=9","name":"Contacto - Lpmarketing","isPartOf":{"@id":"https:\/\/lpmarketing.com.ar\/#website"},"primaryImageOfPage":{"@id":"https:\/\/lpmarketing.com.ar\/?page_id=9#primaryimage"},"image":{"@id":"https:\/\/lpmarketing.com.ar\/?page_id=9#primaryimage"},"thumbnailUrl":"https:\/\/lpmarketing.com.ar\/wp-content\/uploads\/2024\/07\/Mesa-de-trabajo-105-80-576x1024.jpg","datePublished":"2024-07-16T13:18:56+00:00","dateModified":"2024-07-16T18:46:28+00:00","description":"Brindamos servicios de trade marketing integrales. Dise\u00f1o, fabricaci\u00f3n, distribuci\u00f3n y almacenamiento. Contactate con nosotros.","breadcrumb":{"@id":"https:\/\/lpmarketing.com.ar\/?page_id=9#breadcrumb"},"inLanguage":"es","potentialAction":[{"@type":"ReadAction","target":["https:\/\/lpmarketing.com.ar\/?page_id=9"]}]},{"@type":"ImageObject","inLanguage":"es","@id":"https:\/\/lpmarketing.com.ar\/?page_id=9#primaryimage","url":"https:\/\/lpmarketing.com.ar\/wp-content\/uploads\/2024\/07\/Mesa-de-trabajo-105-80.jpg","contentUrl":"https:\/\/lpmarketing.com.ar\/wp-content\/uploads\/2024\/07\/Mesa-de-trabajo-105-80.jpg","width":1080,"height":1920},{"@type":"BreadcrumbList","@id":"https:\/\/lpmarketing.com.ar\/?page_id=9#breadcrumb","itemListElement":[{"@type":"ListItem","position":1,"name":"Portada","item":"https:\/\/lpmarketing.com.ar\/"},{"@type":"ListItem","position":2,"name":"Contacto"}]},{"@type":"WebSite","@id":"https:\/\/lpmarketing.com.ar\/#website","url":"https:\/\/lpmarketing.com.ar\/","name":"Lpmarketing","description":"","publisher":{"@id":"https:\/\/lpmarketing.com.ar\/#organization"},"potentialAction":[{"@type":"SearchAction","target":{"@type":"EntryPoint","urlTemplate":"https:\/\/lpmarketing.com.ar\/?s={search_term_string}"},"query-input":"required name=search_term_string"}],"inLanguage":"es"},{"@type":"Organization","@id":"https:\/\/lpmarketing.com.ar\/#organization","name":"Lpmarketing","url":"https:\/\/lpmarketing.com.ar\/","logo":{"@type":"ImageObject","inLanguage":"es","@id":"https:\/\/lpmarketing.com.ar\/#\/schema\/logo\/image\/","url":"https:\/\/lpmarketing.com.ar\/wp-content\/uploads\/2024\/07\/cropped-logo-lp-web.png","contentUrl":"https:\/\/lpmarketing.com.ar\/wp-content\/uploads\/2024\/07\/cropped-logo-lp-web.png","width":430,"height":436,"caption":"Lpmarketing"},"image":{"@id":"https:\/\/lpmarketing.com.ar\/#\/schema\/logo\/image\/"}}]}},"_links":{"self":[{"href":"https:\/\/lpmarketing.com.ar\/index.php?rest_route=\/wp\/v2\/pages\/9","targetHints":{"allow":["GET"]}}],"collection":[{"href":"https:\/\/lpmarketing.com.ar\/index.php?rest_route=\/wp\/v2\/pages"}],"about":[{"href":"https:\/\/lpmarketing.com.ar\/index.php?rest_route=\/wp\/v2\/types\/page"}],"author":[{"embeddable":true,"href":"https:\/\/lpmarketing.com.ar\/index.php?rest_route=\/wp\/v2\/users\/1"}],"replies":[{"embeddable":true,"href":"https:\/\/lpmarketing.com.ar\/index.php?rest_route=%2Fwp%2Fv2%2Fcomments&post=9"}],"version-history":[{"count":7,"href":"https:\/\/lpmarketing.com.ar\/index.php?rest_route=\/wp\/v2\/pages\/9\/revisions"}],"predecessor-version":[{"id":61,"href":"https:\/\/lpmarketing.com.ar\/index.php?rest_route=\/wp\/v2\/pages\/9\/revisions\/61"}],"wp:attachment":[{"href":"https:\/\/lpmarketing.com.ar\/index.php?rest_route=%2Fwp%2Fv2%2Fmedia&parent=9"}],"curies":[{"name":"wp","href":"https:\/\/api.w.org\/{rel}","templated":true}]}}